{"id":5728,"date":"2021-06-04T08:00:52","date_gmt":"2021-06-04T06:00:52","guid":{"rendered":"https:\/\/www.nature-connexion.com\/?page_id=5728"},"modified":"2024-09-12T13:34:00","modified_gmt":"2024-09-12T11:34:00","slug":"mozambique","status":"publish","type":"page","link":"https:\/\/www.nature-connexion.com\/fr\/destinations\/mozambique\/","title":{"rendered":"MOZAMBIQUE"},"content":{"rendered":"\t\t<div data-elementor-type=\"wp-page\" data-elementor-id=\"5728\" class=\"elementor elementor-5728 elementor-1186\" data-elementor-post-type=\"page\">\n\t\t\t\t<div data-particle_enable=\"false\" data-particle-mobile-disabled=\"false\" class=\"elementor-element elementor-element-4250d103 e-flex e-con-boxed e-con e-parent\" data-id=\"4250d103\" data-element_type=\"container\" data-e-type=\"container\" data-settings=\"{&quot;background_background&quot;:&quot;classic&quot;}\">\n\t\t\t\t\t<div class=\"e-con-inner\">\n\t\t<div data-particle_enable=\"false\" data-particle-mobile-disabled=\"false\" class=\"elementor-element elementor-element-2867f1c0 e-con-full e-flex e-con e-child\" data-id=\"2867f1c0\" data-element_type=\"container\" data-e-type=\"container\">\n\t\t\t\t<div class=\"elementor-element elementor-element-1a59a59c elementor-widget elementor-widget-heading\" data-id=\"1a59a59c\" data-element_type=\"widget\" data-e-type=\"widget\" data-widget_type=\"heading.default\">\n\t\t\t\t<div class=\"elementor-widget-container\">\n\t\t\t\t\t<h1 class=\"elementor-heading-title elementor-size-large\">Mozambique<\/h1>\t\t\t\t<\/div>\n\t\t\t\t<\/div>\n\t\t\t\t<div class=\"elementor-element elementor-element-62877f2a elementor-view-default elementor-widget elementor-widget-icon\" data-id=\"62877f2a\" data-element_type=\"widget\" data-e-type=\"widget\" data-widget_type=\"icon.default\">\n\t\t\t\t<div class=\"elementor-widget-container\">\n\t\t\t\t\t\t\t<div class=\"elementor-icon-wrapper\">\n\t\t\t<div class=\"elementor-icon\">\n\t\t\t<svg aria-hidden=\"true\" class=\"e-font-icon-svg e-fas-chevron-down\" viewBox=\"0 0 448 512\" xmlns=\"http:\/\/www.w3.org\/2000\/svg\"><path d=\"M207.029 381.476L12.686 187.132c-9.373-9.373-9.373-24.569 0-33.941l22.667-22.667c9.357-9.357 24.522-9.375 33.901-.04L224 284.505l154.745-154.021c9.379-9.335 24.544-9.317 33.901.04l22.667 22.667c9.373 9.373 9.373 24.569 0 33.941L240.971 381.476c-9.373 9.372-24.569 9.372-33.942 0z\"><\/path><\/svg>\t\t\t<\/div>\n\t\t<\/div>\n\t\t\t\t\t\t<\/div>\n\t\t\t\t<\/div>\n\t\t\t\t<\/div>\n\t\t\t\t\t<\/div>\n\t\t\t\t<\/div>\n\t\t<div data-particle_enable=\"false\" data-particle-mobile-disabled=\"false\" class=\"elementor-element elementor-element-49900877 e-flex e-con-boxed e-con e-parent\" data-id=\"49900877\" data-element_type=\"container\" data-e-type=\"container\">\n\t\t\t\t\t<div class=\"e-con-inner\">\n\t\t<div data-particle_enable=\"false\" data-particle-mobile-disabled=\"false\" class=\"elementor-element elementor-element-338b95e5 e-con-full e-flex e-con e-child\" data-id=\"338b95e5\" data-element_type=\"container\" data-e-type=\"container\">\n\t\t\t\t<div class=\"elementor-element elementor-element-57c4e2f3 elementor-widget elementor-widget-text-editor\" data-id=\"57c4e2f3\" data-element_type=\"widget\" data-e-type=\"widget\" data-widget_type=\"text-editor.default\">\n\t\t\t\t<div class=\"elementor-widget-container\">\n\t\t\t\t\t\t\t\t\t<p>Le Mozambique, ancienne colonie portuguaise, a obtenu son ind\u00e9pendance en 1975. Pays de contrastes, le Mozambique a pr\u00e9serv\u00e9 son h\u00e9ritage culturel africain. Sa c\u00f4te Est, le long de l&rsquo;oc\u00e9an indien, d\u00e9passe 1.000 km de long. Un climat chaud et des plages \u00e0 couper le souffle ont fait de ce pays un paradis pour les amoureux de fronts de mer et de voile et les plongeurs sous-marins.<\/p><p>Notre coup de coeur va au parc national Gorongosa.<\/p>\t\t\t\t\t\t\t\t<\/div>\n\t\t\t\t<\/div>\n\t\t\t\t<\/div>\n\t\t\t\t\t<\/div>\n\t\t\t\t<\/div>\n\t\t<div data-particle_enable=\"false\" data-particle-mobile-disabled=\"false\" class=\"elementor-element elementor-element-66fe53cc e-flex e-con-boxed e-con e-parent\" data-id=\"66fe53cc\" data-element_type=\"container\" data-e-type=\"container\" data-settings=\"{&quot;background_background&quot;:&quot;classic&quot;}\">\n\t\t\t\t\t<div class=\"e-con-inner\">\n\t\t<div data-particle_enable=\"false\" data-particle-mobile-disabled=\"false\" class=\"elementor-element elementor-element-536238f4 e-con-full e-flex e-con e-child\" data-id=\"536238f4\" data-element_type=\"container\" data-e-type=\"container\" data-settings=\"{&quot;background_background&quot;:&quot;classic&quot;}\">\n\t\t\t\t<\/div>\n\t\t<div data-particle_enable=\"false\" data-particle-mobile-disabled=\"false\" class=\"elementor-element elementor-element-5f220662 e-con-full e-flex e-con e-child\" data-id=\"5f220662\" data-element_type=\"container\" data-e-type=\"container\" data-settings=\"{&quot;background_background&quot;:&quot;classic&quot;}\">\n\t\t\t\t<div class=\"elementor-element elementor-element-21513e00 elementor-widget elementor-widget-heading\" data-id=\"21513e00\" data-element_type=\"widget\" data-e-type=\"widget\" data-widget_type=\"heading.default\">\n\t\t\t\t<div class=\"elementor-widget-container\">\n\t\t\t\t\t<h2 class=\"elementor-heading-title elementor-size-default\">Parc national Gorongosa<\/h2>\t\t\t\t<\/div>\n\t\t\t\t<\/div>\n\t\t\t\t<div class=\"elementor-element elementor-element-d996918 elementor-widget__width-initial elementor-widget elementor-widget-text-editor\" data-id=\"d996918\" data-element_type=\"widget\" data-e-type=\"widget\" data-widget_type=\"text-editor.default\">\n\t\t\t\t<div class=\"elementor-widget-container\">\n\t\t\t\t\t\t\t\t\t<p>Gorongosa repr\u00e9sente probablement le plus ample projet de restoration de faune sauvage et un succ\u00e8s en terme de conservation et projets communautaires (agriculture, \u00e9ducation, sant\u00e9), science et tourisme durable. Le parc a perdu 90% de sa faune sauvage durant la guerre civile, et le parc a retrouv\u00e9 un second souffle gr\u00e2ce au travail colossal de la Fondation Carr.<\/p><p>Comptant d\u00e9sormais plus de 100.000 grands mammif\u00e8res, par rapport \u00e0 quelques populations restantes qui surv\u00e9curent la guerre, le parc s&rsquo;enorgueillit de plus de 6.300 autres esp\u00e8ces d&rsquo;animaux et de plantes r\u00e9pertori\u00e9s \u00e0 ce jour. Aujourd&rsquo;hui, Gorongosa repr\u00e9sente l&rsquo;un des syst\u00e8mes les plus riches au monde en terme de biodiversit\u00e9, disposant \u00e9galement de caract\u00e9ristiques g\u00e9ologiques spectaculaires, dans un cadre \u00e9poustouflant.<\/p>\t\t\t\t\t\t\t\t<\/div>\n\t\t\t\t<\/div>\n\t\t<div data-particle_enable=\"false\" data-particle-mobile-disabled=\"false\" class=\"elementor-element elementor-element-737c9318 e-con-full e-flex e-con e-child\" data-id=\"737c9318\" data-element_type=\"container\" data-e-type=\"container\" data-settings=\"{&quot;background_background&quot;:&quot;classic&quot;}\">\n\t\t\t\t<div class=\"elementor-element elementor-element-2baa976f elementor-widget elementor-widget-text-editor\" data-id=\"2baa976f\" data-element_type=\"widget\" data-e-type=\"widget\" data-widget_type=\"text-editor.default\">\n\t\t\t\t<div class=\"elementor-widget-container\">\n\t\t\t\t\t\t\t\t\t<p>A great opportunity to add variety to your safari trip is a \u00ab\u00a0bush-to-beach\u00a0\u00bb extension, indulging yourself at lodges on stunning Mozambique islands such as Ibo, Isla de Mo\u00e7ambique, the Bazaruto or Quirimbas archipelagos&#8230;. The stunning settings these island scenes provide are sure to leave any guest eager to return to its quiet sandy beaches on a Mozambique safari the whole family can enjoy.<\/p>\t\t\t\t\t\t\t\t<\/div>\n\t\t\t\t<\/div>\n\t\t\t\t<\/div>\n\t\t\t\t<\/div>\n\t\t\t\t\t<\/div>\n\t\t\t\t<\/div>\n\t\t<div data-particle_enable=\"false\" data-particle-mobile-disabled=\"false\" class=\"elementor-element elementor-element-3591b294 e-flex e-con-boxed e-con e-parent\" data-id=\"3591b294\" data-element_type=\"container\" data-e-type=\"container\" data-settings=\"{&quot;background_background&quot;:&quot;classic&quot;}\">\n\t\t\t\t\t<div class=\"e-con-inner\">\n\t\t<div data-particle_enable=\"false\" data-particle-mobile-disabled=\"false\" class=\"elementor-element elementor-element-25de922e e-con-full e-flex e-con e-child\" data-id=\"25de922e\" data-element_type=\"container\" data-e-type=\"container\" data-settings=\"{&quot;background_background&quot;:&quot;classic&quot;}\">\n\t\t\t\t<div class=\"elementor-element elementor-element-6aacb161 elementor-widget elementor-widget-heading\" data-id=\"6aacb161\" data-element_type=\"widget\" data-e-type=\"widget\" data-widget_type=\"heading.default\">\n\t\t\t\t<div class=\"elementor-widget-container\">\n\t\t\t\t\t<h2 class=\"elementor-heading-title elementor-size-default\">Vilanculos<\/h2>\t\t\t\t<\/div>\n\t\t\t\t<\/div>\n\t\t\t\t<div class=\"elementor-element elementor-element-1a2b8429 elementor-widget__width-initial elementor-widget elementor-widget-text-editor\" data-id=\"1a2b8429\" data-element_type=\"widget\" data-e-type=\"widget\" data-widget_type=\"text-editor.default\">\n\t\t\t\t<div class=\"elementor-widget-container\">\n\t\t\t\t\t\t\t\t\t<p>Vilanculos est un bijou bien gard\u00e9\u00a0et l\u2019endroit id\u00e9al pour les pratiques bien-\u00eatre et des activit\u00e9s aquatiques : une destination baln\u00e9aire de r\u00eave ! Ses plages et bancs de sable \u00e9blouissants de blancheur contrastent avec les eaux cristallines turquoise, la vue sublime sur les \u00eeles au loin et sa v\u00e9g\u00e9tation tropicale.<\/p><p>Porte d\u2019entr\u00e9e de l\u2019archipel de Bazaruto, cette ville \u00e0 la population chaleureuse vous accueillera au sein de ses march\u00e9s locaux color\u00e9s, restaurants et bars.<\/p><p>Vous d\u00e9couvrirez les fonds\u00a0sous-marins (snorkeling ou plong\u00e9e sous-marine), embarquerez sur un dhow traditionnel (barque locale) pour admirer un coucher de soleil flamboyant, ou encore un bateau\u00a0\u00e0\u00a0moteur pour une journ\u00e9e de d\u00e9couverte dans les \u00eeles de l&rsquo;archipel de Bazaruto, avec pique-nique en mer\u2026. <\/p>\t\t\t\t\t\t\t\t<\/div>\n\t\t\t\t<\/div>\n\t\t\t\t<\/div>\n\t\t<div data-particle_enable=\"false\" data-particle-mobile-disabled=\"false\" class=\"elementor-element elementor-element-2196e639 e-con-full e-flex e-con e-child\" data-id=\"2196e639\" data-element_type=\"container\" data-e-type=\"container\" data-settings=\"{&quot;background_background&quot;:&quot;classic&quot;}\">\n\t\t\t\t<\/div>\n\t\t\t\t\t<\/div>\n\t\t\t\t<\/div>\n\t\t<div data-particle_enable=\"false\" data-particle-mobile-disabled=\"false\" class=\"elementor-element elementor-element-17fd1469 e-flex e-con-boxed e-con e-parent\" data-id=\"17fd1469\" data-element_type=\"container\" data-e-type=\"container\" data-settings=\"{&quot;background_background&quot;:&quot;classic&quot;}\">\n\t\t\t\t\t<div class=\"e-con-inner\">\n\t\t<div data-particle_enable=\"false\" data-particle-mobile-disabled=\"false\" class=\"elementor-element elementor-element-2b92485f e-con-full e-flex e-con e-child\" data-id=\"2b92485f\" data-element_type=\"container\" data-e-type=\"container\" data-settings=\"{&quot;background_background&quot;:&quot;classic&quot;}\">\n\t\t\t\t<\/div>\n\t\t<div data-particle_enable=\"false\" data-particle-mobile-disabled=\"false\" class=\"elementor-element elementor-element-47fd4cd3 e-con-full e-flex e-con e-child\" data-id=\"47fd4cd3\" data-element_type=\"container\" data-e-type=\"container\" data-settings=\"{&quot;background_background&quot;:&quot;classic&quot;}\">\n\t\t\t\t<div class=\"elementor-element elementor-element-32720487 elementor-widget elementor-widget-heading\" data-id=\"32720487\" data-element_type=\"widget\" data-e-type=\"widget\" data-widget_type=\"heading.default\">\n\t\t\t\t<div class=\"elementor-widget-container\">\n\t\t\t\t\t<h2 class=\"elementor-heading-title elementor-size-default\">Bazaruto<\/h2>\t\t\t\t<\/div>\n\t\t\t\t<\/div>\n\t\t\t\t<div class=\"elementor-element elementor-element-6955d284 elementor-widget__width-initial elementor-widget elementor-widget-text-editor\" data-id=\"6955d284\" data-element_type=\"widget\" data-e-type=\"widget\" data-widget_type=\"text-editor.default\">\n\t\t\t\t<div class=\"elementor-widget-container\">\n\t\t\t\t\t\t\t\t\t<p>Tr\u00e9sor cach\u00e9 du monde<\/p><p>\u00c0 environ 20 km de Vilanculos se trouve un chapelet de cinq magnifiques \u00eeles tropicales formant l\u2019Archipel de Bazaruto, parc national cr\u00e9\u00e9 en 1971 et surnomm\u00e9 \u00ab\u00a0les joyaux de la couronne. Cet \u00e9cosyst\u00e8me naturel est unique du fait de son isolement : for\u00eat, savane, lacs, \u00e9tangs et marais. A perte de vue, ce n\u2019est que sable blanc et eau turquoise, parsem\u00e9s de quelques cocotiers \u00e7\u00e0 et l\u00e0, et de hautes dunes de sable impressionnantes.<\/p><p>Le monde sous-marin est incroyable : dauphins, tortues, baleines \u00e0 bosse, lamentins sont r\u00e9guli\u00e8rement aper\u00e7us. Bazaruto abrite \u00e9galement la derni\u00e8re population de dugongs des c\u00f4tes africaines. Petites antilopes duiker, suni, \u00e9cureuils, singes samango, reptiles, galagos, bushbucks et flamands roses cohabitent dans cet Eden.\u2028<br \/>Si vous \u00eates un amoureux de Nature et de splendeurs, vous serez combl\u00e9\u2026<\/p>\t\t\t\t\t\t\t\t<\/div>\n\t\t\t\t<\/div>\n\t\t\t\t<\/div>\n\t\t\t\t\t<\/div>\n\t\t\t\t<\/div>\n\t\t<div data-particle_enable=\"false\" data-particle-mobile-disabled=\"false\" class=\"elementor-element elementor-element-207aec94 e-con-full e-flex e-con e-parent\" data-id=\"207aec94\" data-element_type=\"container\" data-e-type=\"container\">\n\t\t<div data-particle_enable=\"false\" data-particle-mobile-disabled=\"false\" class=\"elementor-element elementor-element-20d2e170 e-con-full e-flex e-con e-child\" data-id=\"20d2e170\" data-element_type=\"container\" data-e-type=\"container\">\n\t\t\t\t<div class=\"elementor-element elementor-element-30a32e4e elementor-widget elementor-widget-image\" data-id=\"30a32e4e\" data-element_type=\"widget\" data-e-type=\"widget\" data-widget_type=\"image.default\">\n\t\t\t\t<div class=\"elementor-widget-container\">\n\t\t\t\t\t\t\t\t\t\t\t\t\t\t\t<img fetchpriority=\"high\" decoding=\"async\" width=\"2560\" height=\"1707\" src=\"https:\/\/www.nature-connexion.com\/wp-content\/uploads\/2024\/08\/nature-connexion-zimbabwe-sunset-view-scaled.jpg\" class=\"attachment-full size-full wp-image-19014\" alt=\"\" srcset=\"https:\/\/www.nature-connexion.com\/wp-content\/uploads\/2024\/08\/nature-connexion-zimbabwe-sunset-view-scaled.jpg 2560w, https:\/\/www.nature-connexion.com\/wp-content\/uploads\/2024\/08\/nature-connexion-zimbabwe-sunset-view-300x200.jpg 300w, https:\/\/www.nature-connexion.com\/wp-content\/uploads\/2024\/08\/nature-connexion-zimbabwe-sunset-view-1024x683.jpg 1024w, https:\/\/www.nature-connexion.com\/wp-content\/uploads\/2024\/08\/nature-connexion-zimbabwe-sunset-view-768x512.jpg 768w, https:\/\/www.nature-connexion.com\/wp-content\/uploads\/2024\/08\/nature-connexion-zimbabwe-sunset-view-1536x1024.jpg 1536w, https:\/\/www.nature-connexion.com\/wp-content\/uploads\/2024\/08\/nature-connexion-zimbabwe-sunset-view-2048x1365.jpg 2048w\" sizes=\"(max-width: 2560px) 100vw, 2560px\" \/>\t\t\t\t\t\t\t\t\t\t\t\t\t\t\t<\/div>\n\t\t\t\t<\/div>\n\t\t\t\t<\/div>\n\t\t\t\t<\/div>\n\t\t<div data-particle_enable=\"false\" data-particle-mobile-disabled=\"false\" class=\"elementor-element elementor-element-6703f452 e-flex e-con-boxed e-con e-parent\" data-id=\"6703f452\" data-element_type=\"container\" data-e-type=\"container\">\n\t\t\t\t\t<div class=\"e-con-inner\">\n\t\t<div data-particle_enable=\"false\" data-particle-mobile-disabled=\"false\" class=\"elementor-element elementor-element-64a25deb e-con-full e-flex e-con e-child\" data-id=\"64a25deb\" data-element_type=\"container\" data-e-type=\"container\">\n\t\t\t\t<div class=\"elementor-element elementor-element-79075768 elementor-widget__width-inherit elementor-widget elementor-widget-heading\" data-id=\"79075768\" data-element_type=\"widget\" data-e-type=\"widget\" data-widget_type=\"heading.default\">\n\t\t\t\t<div class=\"elementor-widget-container\">\n\t\t\t\t\t<h2 class=\"elementor-heading-title elementor-size-default\">Autres destinations<\/h2>\t\t\t\t<\/div>\n\t\t\t\t<\/div>\n\t\t\t\t<\/div>\n\t\t\t\t\t<\/div>\n\t\t\t\t<\/div>\n\t\t<div data-particle_enable=\"false\" data-particle-mobile-disabled=\"false\" class=\"elementor-element elementor-element-4940616a e-flex e-con-boxed e-con e-parent\" data-id=\"4940616a\" data-element_type=\"container\" data-e-type=\"container\">\n\t\t\t\t\t<div class=\"e-con-inner\">\n\t\t<a class=\"eael-wrapper-link-c5dfac3 --eael-wrapper-link-tag\" href=\"https:\/\/www.nature-connexion.com\/african-safari-destinations\/botswana\/\"><\/a><div data-eael-wrapper-link=\"eael-wrapper-link-c5dfac3\" data-particle_enable=\"false\" data-particle-mobile-disabled=\"false\" class=\"elementor-element elementor-element-c5dfac3 e-con-full e-flex elementor-invisible e-con e-child\" data-id=\"c5dfac3\" data-element_type=\"container\" data-e-type=\"container\" data-settings=\"{&quot;background_background&quot;:&quot;classic&quot;,&quot;animation&quot;:&quot;slideInLeft&quot;}\">\n\t\t\t\t<div class=\"elementor-element elementor-element-53af2147 elementor-align-justify elementor-widget__width-inherit elementor-widget-mobile__width-inherit elementor-widget elementor-widget-button\" data-id=\"53af2147\" data-element_type=\"widget\" data-e-type=\"widget\" data-widget_type=\"button.default\">\n\t\t\t\t<div class=\"elementor-widget-container\">\n\t\t\t\t\t\t\t\t\t<div class=\"elementor-button-wrapper\">\n\t\t\t\t\t<a class=\"elementor-button elementor-button-link elementor-size-sm\" href=\"https:\/\/www.nature-connexion.com\/fr\/destinations-2\/botswana-2\/\">\n\t\t\t\t\t\t<span class=\"elementor-button-content-wrapper\">\n\t\t\t\t\t\t<span class=\"elementor-button-icon\">\n\t\t\t\t<svg aria-hidden=\"true\" class=\"e-font-icon-svg e-fas-chevron-right\" viewBox=\"0 0 320 512\" xmlns=\"http:\/\/www.w3.org\/2000\/svg\"><path d=\"M285.476 272.971L91.132 467.314c-9.373 9.373-24.569 9.373-33.941 0l-22.667-22.667c-9.357-9.357-9.375-24.522-.04-33.901L188.505 256 34.484 101.255c-9.335-9.379-9.317-24.544.04-33.901l22.667-22.667c9.373-9.373 24.569-9.373 33.941 0L285.475 239.03c9.373 9.372 9.373 24.568.001 33.941z\"><\/path><\/svg>\t\t\t<\/span>\n\t\t\t\t\t\t\t\t\t<span class=\"elementor-button-text\">Botswana<\/span>\n\t\t\t\t\t<\/span>\n\t\t\t\t\t<\/a>\n\t\t\t\t<\/div>\n\t\t\t\t\t\t\t\t<\/div>\n\t\t\t\t<\/div>\n\t\t\t\t<\/div>\n\t\t<a class=\"eael-wrapper-link-3528ba38 --eael-wrapper-link-tag\" href=\"https:\/\/www.nature-connexion.com\/african-safari-destinations\/zimbabwe\/\"><\/a><div data-eael-wrapper-link=\"eael-wrapper-link-3528ba38\" data-particle_enable=\"false\" data-particle-mobile-disabled=\"false\" class=\"elementor-element elementor-element-3528ba38 e-con-full e-flex elementor-invisible e-con e-child\" data-id=\"3528ba38\" data-element_type=\"container\" data-e-type=\"container\" data-settings=\"{&quot;background_background&quot;:&quot;classic&quot;,&quot;animation&quot;:&quot;slideInUp&quot;}\">\n\t\t\t\t<div class=\"elementor-element elementor-element-457d2b91 elementor-align-justify elementor-widget__width-inherit elementor-widget-mobile__width-inherit elementor-widget elementor-widget-button\" data-id=\"457d2b91\" data-element_type=\"widget\" data-e-type=\"widget\" data-widget_type=\"button.default\">\n\t\t\t\t<div class=\"elementor-widget-container\">\n\t\t\t\t\t\t\t\t\t<div class=\"elementor-button-wrapper\">\n\t\t\t\t\t<a class=\"elementor-button elementor-button-link elementor-size-sm\" href=\"https:\/\/www.nature-connexion.com\/african-safari-destinations\/zimbabwe\/\">\n\t\t\t\t\t\t<span class=\"elementor-button-content-wrapper\">\n\t\t\t\t\t\t<span class=\"elementor-button-icon\">\n\t\t\t\t<svg aria-hidden=\"true\" class=\"e-font-icon-svg e-fas-chevron-right\" viewBox=\"0 0 320 512\" xmlns=\"http:\/\/www.w3.org\/2000\/svg\"><path d=\"M285.476 272.971L91.132 467.314c-9.373 9.373-24.569 9.373-33.941 0l-22.667-22.667c-9.357-9.357-9.375-24.522-.04-33.901L188.505 256 34.484 101.255c-9.335-9.379-9.317-24.544.04-33.901l22.667-22.667c9.373-9.373 24.569-9.373 33.941 0L285.475 239.03c9.373 9.372 9.373 24.568.001 33.941z\"><\/path><\/svg>\t\t\t<\/span>\n\t\t\t\t\t\t\t\t\t<span class=\"elementor-button-text\">Zimbabwe<\/span>\n\t\t\t\t\t<\/span>\n\t\t\t\t\t<\/a>\n\t\t\t\t<\/div>\n\t\t\t\t\t\t\t\t<\/div>\n\t\t\t\t<\/div>\n\t\t\t\t<\/div>\n\t\t<a class=\"eael-wrapper-link-535929b4 --eael-wrapper-link-tag\" href=\"https:\/\/www.nature-connexion.com\/african-safari-destinations\/south-africa\/\"><\/a><div data-eael-wrapper-link=\"eael-wrapper-link-535929b4\" data-particle_enable=\"false\" data-particle-mobile-disabled=\"false\" class=\"elementor-element elementor-element-535929b4 e-con-full e-flex elementor-invisible e-con e-child\" data-id=\"535929b4\" data-element_type=\"container\" data-e-type=\"container\" data-settings=\"{&quot;background_background&quot;:&quot;classic&quot;,&quot;animation&quot;:&quot;slideInDown&quot;}\">\n\t\t\t\t<div class=\"elementor-element elementor-element-2b08c828 elementor-align-justify elementor-widget__width-inherit elementor-widget-mobile__width-inherit elementor-widget elementor-widget-button\" data-id=\"2b08c828\" data-element_type=\"widget\" data-e-type=\"widget\" data-widget_type=\"button.default\">\n\t\t\t\t<div class=\"elementor-widget-container\">\n\t\t\t\t\t\t\t\t\t<div class=\"elementor-button-wrapper\">\n\t\t\t\t\t<a class=\"elementor-button elementor-button-link elementor-size-sm\" href=\"https:\/\/www.nature-connexion.com\/fr\/destinations-2\/afrique-du-sud\/\">\n\t\t\t\t\t\t<span class=\"elementor-button-content-wrapper\">\n\t\t\t\t\t\t<span class=\"elementor-button-icon\">\n\t\t\t\t<svg aria-hidden=\"true\" class=\"e-font-icon-svg e-fas-chevron-right\" viewBox=\"0 0 320 512\" xmlns=\"http:\/\/www.w3.org\/2000\/svg\"><path d=\"M285.476 272.971L91.132 467.314c-9.373 9.373-24.569 9.373-33.941 0l-22.667-22.667c-9.357-9.357-9.375-24.522-.04-33.901L188.505 256 34.484 101.255c-9.335-9.379-9.317-24.544.04-33.901l22.667-22.667c9.373-9.373 24.569-9.373 33.941 0L285.475 239.03c9.373 9.372 9.373 24.568.001 33.941z\"><\/path><\/svg>\t\t\t<\/span>\n\t\t\t\t\t\t\t\t\t<span class=\"elementor-button-text\">Afrique du Sud<\/span>\n\t\t\t\t\t<\/span>\n\t\t\t\t\t<\/a>\n\t\t\t\t<\/div>\n\t\t\t\t\t\t\t\t<\/div>\n\t\t\t\t<\/div>\n\t\t\t\t<\/div>\n\t\t\t\t\t<\/div>\n\t\t\t\t<\/div>\n\t\t\t\t<\/div>\n\t\t","protected":false},"excerpt":{"rendered":"<p>Mozambique Le Mozambique, ancienne colonie portuguaise, a obtenu son ind\u00e9pendance en 1975. Pays de contrastes, le Mozambique a pr\u00e9serv\u00e9 son h\u00e9ritage culturel africain. Sa c\u00f4te Est, le long de l&rsquo;oc\u00e9an indien, d\u00e9passe 1.000 km de long. Un climat chaud et des plages \u00e0 couper le souffle ont fait de ce pays un paradis pour les [&hellip;]<\/p>\n","protected":false},"author":1,"featured_media":17246,"parent":18645,"menu_order":14,"comment_status":"closed","ping_status":"closed","template":"elementor_header_footer","meta":{"footnotes":""},"class_list":["post-5728","page","type-page","status-publish","has-post-thumbnail","hentry"],"_links":{"self":[{"href":"https:\/\/www.nature-connexion.com\/fr\/wp-json\/wp\/v2\/pages\/5728","targetHints":{"allow":["GET"]}}],"collection":[{"href":"https:\/\/www.nature-connexion.com\/fr\/wp-json\/wp\/v2\/pages"}],"about":[{"href":"https:\/\/www.nature-connexion.com\/fr\/wp-json\/wp\/v2\/types\/page"}],"author":[{"embeddable":true,"href":"https:\/\/www.nature-connexion.com\/fr\/wp-json\/wp\/v2\/users\/1"}],"replies":[{"embeddable":true,"href":"https:\/\/www.nature-connexion.com\/fr\/wp-json\/wp\/v2\/comments?post=5728"}],"version-history":[{"count":0,"href":"https:\/\/www.nature-connexion.com\/fr\/wp-json\/wp\/v2\/pages\/5728\/revisions"}],"up":[{"embeddable":true,"href":"https:\/\/www.nature-connexion.com\/fr\/wp-json\/wp\/v2\/pages\/18645"}],"wp:featuredmedia":[{"embeddable":true,"href":"https:\/\/www.nature-connexion.com\/fr\/wp-json\/wp\/v2\/media\/17246"}],"wp:attachment":[{"href":"https:\/\/www.nature-connexion.com\/fr\/wp-json\/wp\/v2\/media?parent=5728"}],"curies":[{"name":"wp","href":"https:\/\/api.w.org\/{rel}","templated":true}]}}