{"id":5713,"date":"2021-06-03T11:05:45","date_gmt":"2021-06-03T09:05:45","guid":{"rendered":"https:\/\/www.nature-connexion.com\/?page_id=5713"},"modified":"2024-09-12T13:33:56","modified_gmt":"2024-09-12T11:33:56","slug":"botswana-2","status":"publish","type":"page","link":"https:\/\/www.nature-connexion.com\/fr\/destinations\/botswana-2\/","title":{"rendered":"BOTSWANA"},"content":{"rendered":"\t\t<div data-elementor-type=\"wp-page\" data-elementor-id=\"5713\" class=\"elementor elementor-5713 elementor-131\" data-elementor-post-type=\"page\">\n\t\t\t\t<div data-particle_enable=\"false\" data-particle-mobile-disabled=\"false\" class=\"elementor-element elementor-element-7f9b65bb e-flex e-con-boxed e-con e-parent\" data-id=\"7f9b65bb\" data-element_type=\"container\" data-e-type=\"container\" data-settings=\"{&quot;background_background&quot;:&quot;classic&quot;}\">\n\t\t\t\t\t<div class=\"e-con-inner\">\n\t\t<div data-particle_enable=\"false\" data-particle-mobile-disabled=\"false\" class=\"elementor-element elementor-element-541f6375 e-con-full e-flex e-con e-child\" data-id=\"541f6375\" data-element_type=\"container\" data-e-type=\"container\">\n\t\t\t\t<div class=\"elementor-element elementor-element-17afe77b elementor-widget elementor-widget-heading\" data-id=\"17afe77b\" data-element_type=\"widget\" data-e-type=\"widget\" data-widget_type=\"heading.default\">\n\t\t\t\t<div class=\"elementor-widget-container\">\n\t\t\t\t\t<h1 class=\"elementor-heading-title elementor-size-xl\">Botswana<\/h1>\t\t\t\t<\/div>\n\t\t\t\t<\/div>\n\t\t\t\t<div class=\"elementor-element elementor-element-6f2f3010 elementor-view-default elementor-widget elementor-widget-icon\" data-id=\"6f2f3010\" data-element_type=\"widget\" data-e-type=\"widget\" data-widget_type=\"icon.default\">\n\t\t\t\t<div class=\"elementor-widget-container\">\n\t\t\t\t\t\t\t<div class=\"elementor-icon-wrapper\">\n\t\t\t<div class=\"elementor-icon\">\n\t\t\t<i aria-hidden=\"true\" class=\"icon icon-down-arrow1\"><\/i>\t\t\t<\/div>\n\t\t<\/div>\n\t\t\t\t\t\t<\/div>\n\t\t\t\t<\/div>\n\t\t\t\t<\/div>\n\t\t\t\t\t<\/div>\n\t\t\t\t<\/div>\n\t\t<div data-particle_enable=\"false\" data-particle-mobile-disabled=\"false\" class=\"elementor-element elementor-element-5d94873f e-flex e-con-boxed e-con e-parent\" data-id=\"5d94873f\" data-element_type=\"container\" data-e-type=\"container\">\n\t\t\t\t\t<div class=\"e-con-inner\">\n\t\t<div data-particle_enable=\"false\" data-particle-mobile-disabled=\"false\" class=\"elementor-element elementor-element-184e0801 e-con-full e-flex e-con e-child\" data-id=\"184e0801\" data-element_type=\"container\" data-e-type=\"container\">\n\t\t\t\t<div class=\"elementor-element elementor-element-4bc0f8cd elementor-widget elementor-widget-text-editor\" data-id=\"4bc0f8cd\" data-element_type=\"widget\" data-e-type=\"widget\" data-widget_type=\"text-editor.default\">\n\t\t\t\t<div class=\"elementor-widget-container\">\n\t\t\t\t\t\t\t\t\t<p>Le Botswana, l&rsquo;une des destinations les plus pris\u00e9es d&rsquo;Afrique, est souvent qualifi\u00e9 de \u00ab\u00a0bijou\u00a0\u00bb: ce pays est d\u00e9tenteur d&rsquo;une des plus nombreuses vari\u00e9t\u00e9s de faune sauvage et de paysages de la r\u00e9gion, d&rsquo;o\u00f9 sa grande biodiversit\u00e9. Le majestueux delta de l&rsquo;Okavango, plus grand delta int\u00e9rieur au monde, situ\u00e9 au Nord-Ouest du pays, est un site class\u00e9 au patrimoine mondial de l&rsquo;UNESCO. Un s\u00e9jour au Botswana vous \u00e9merveillera sans fin et cr\u00e9era des souvenirs imp\u00e9rissables.<\/p><p>Notre attention porte principalement sur le delta et le Tuli block.<\/p>\t\t\t\t\t\t\t\t<\/div>\n\t\t\t\t<\/div>\n\t\t\t\t<\/div>\n\t\t\t\t\t<\/div>\n\t\t\t\t<\/div>\n\t\t<div data-particle_enable=\"false\" data-particle-mobile-disabled=\"false\" class=\"elementor-element elementor-element-743e945b e-flex e-con-boxed e-con e-parent\" data-id=\"743e945b\" data-element_type=\"container\" data-e-type=\"container\" data-settings=\"{&quot;background_background&quot;:&quot;classic&quot;}\">\n\t\t\t\t\t<div class=\"e-con-inner\">\n\t\t<div data-particle_enable=\"false\" data-particle-mobile-disabled=\"false\" class=\"elementor-element elementor-element-63d78c8f e-con-full e-flex e-con e-child\" data-id=\"63d78c8f\" data-element_type=\"container\" data-e-type=\"container\" data-settings=\"{&quot;background_background&quot;:&quot;classic&quot;}\">\n\t\t\t\t<div class=\"elementor-element elementor-element-59c0f5f0 elementor-widget elementor-widget-heading\" data-id=\"59c0f5f0\" data-element_type=\"widget\" data-e-type=\"widget\" data-widget_type=\"heading.default\">\n\t\t\t\t<div class=\"elementor-widget-container\">\n\t\t\t\t\t<h2 class=\"elementor-heading-title elementor-size-default\">Le delta de l'Okavango<\/h2>\t\t\t\t<\/div>\n\t\t\t\t<\/div>\n\t\t\t\t<div class=\"elementor-element elementor-element-4c1b4205 elementor-widget__width-initial elementor-widget elementor-widget-text-editor\" data-id=\"4c1b4205\" data-element_type=\"widget\" data-e-type=\"widget\" data-widget_type=\"text-editor.default\">\n\t\t\t\t<div class=\"elementor-widget-container\">\n\t\t\t\t\t\t\t\t\t<p>Attractions:<\/p><p>Marais permanents et plaines innond\u00e9es selon les saisons. L&rsquo;un des tr\u00e8s rares deltas int\u00e9rieurs qui ne se d\u00e9verse pas dans une mer ou un oc\u00e9an, et dot\u00e9 d&rsquo;un syst\u00e8me mar\u00e9cageux casi intact.<br \/>Un habitat riche d&rsquo;une quantit\u00e9 innombrable d&rsquo;animaux, oiseaux, poissons, reptiles et plantes \u2013 siffisamment abondant pour garder les fans d&rsquo;ornithologie et de faune sauvage occup\u00e9s toute une ann\u00e9e !<br \/>La majorit\u00e9 des grands mammif\u00e8res sauvages en voie de disparition sont pr\u00e9sents dans le delta (gu\u00e9pard, rhinoc\u00e9ros blanc et noir, lycaon, lion).<\/p>\t\t\t\t\t\t\t\t<\/div>\n\t\t\t\t<\/div>\n\t\t\t\t<\/div>\n\t\t<div data-particle_enable=\"false\" data-particle-mobile-disabled=\"false\" class=\"elementor-element elementor-element-4f72d9c3 e-con-full e-flex e-con e-child\" data-id=\"4f72d9c3\" data-element_type=\"container\" data-e-type=\"container\" data-settings=\"{&quot;background_background&quot;:&quot;classic&quot;}\">\n\t\t\t\t<\/div>\n\t\t\t\t\t<\/div>\n\t\t\t\t<\/div>\n\t\t<div data-particle_enable=\"false\" data-particle-mobile-disabled=\"false\" class=\"elementor-element elementor-element-7744c6ae e-flex e-con-boxed e-con e-parent\" data-id=\"7744c6ae\" data-element_type=\"container\" data-e-type=\"container\" data-settings=\"{&quot;background_background&quot;:&quot;classic&quot;}\">\n\t\t\t\t\t<div class=\"e-con-inner\">\n\t\t<div data-particle_enable=\"false\" data-particle-mobile-disabled=\"false\" class=\"elementor-element elementor-element-3534072c e-con-full e-flex e-con e-child\" data-id=\"3534072c\" data-element_type=\"container\" data-e-type=\"container\" data-settings=\"{&quot;background_background&quot;:&quot;classic&quot;}\">\n\t\t\t\t<\/div>\n\t\t<div data-particle_enable=\"false\" data-particle-mobile-disabled=\"false\" class=\"elementor-element elementor-element-5070399c e-con-full e-flex e-con e-child\" data-id=\"5070399c\" data-element_type=\"container\" data-e-type=\"container\" data-settings=\"{&quot;background_background&quot;:&quot;classic&quot;}\">\n\t\t\t\t<div class=\"elementor-element elementor-element-4ce4987d elementor-widget elementor-widget-heading\" data-id=\"4ce4987d\" data-element_type=\"widget\" data-e-type=\"widget\" data-widget_type=\"heading.default\">\n\t\t\t\t<div class=\"elementor-widget-container\">\n\t\t\t\t\t<h2 class=\"elementor-heading-title elementor-size-default\">Le Tuli block<\/h2>\t\t\t\t<\/div>\n\t\t\t\t<\/div>\n\t\t\t\t<div class=\"elementor-element elementor-element-238fde4c elementor-widget__width-initial elementor-widget elementor-widget-text-editor\" data-id=\"238fde4c\" data-element_type=\"widget\" data-e-type=\"widget\" data-widget_type=\"text-editor.default\">\n\t\t\t\t<div class=\"elementor-widget-container\">\n\t\t\t\t\t\t\t\t\t<p>Un autre petit bijou sauvage bien cach\u00e9 \u2013 une portion de terre \u00e9troite situ\u00e9e \u00e0 l&rsquo;extr\u00eame Est du pays, cal\u00e9e entre le Zimbabwe et l&rsquo;Afrique du Sud. Le Tuli contient une faune sauvage abondante et une topographie fascinante qui rend cet endroit unique et diff\u00e9rent du reste du Botswana. La v\u00e9g\u00e9tation y est spectaculaire avec ses arbres nyala et baobabs gigantesques, parmi les collines rocheuses. La plupart des propri\u00e9t\u00e9s du Tuli ne dispose pas de clot\u00fbres, permettant aux animaux de circuler librement.<\/p>\t\t\t\t\t\t\t\t<\/div>\n\t\t\t\t<\/div>\n\t\t\t\t<\/div>\n\t\t\t\t\t<\/div>\n\t\t\t\t<\/div>\n\t\t<div data-particle_enable=\"false\" data-particle-mobile-disabled=\"false\" class=\"elementor-element elementor-element-13bb232a e-flex e-con-boxed e-con e-parent\" data-id=\"13bb232a\" data-element_type=\"container\" data-e-type=\"container\">\n\t\t\t\t\t<div class=\"e-con-inner\">\n\t\t<div data-particle_enable=\"false\" data-particle-mobile-disabled=\"false\" class=\"elementor-element elementor-element-6ae0bb8d e-con-full e-flex e-con e-child\" data-id=\"6ae0bb8d\" data-element_type=\"container\" data-e-type=\"container\">\n\t\t\t\t<div class=\"elementor-element elementor-element-bbde97d elementor-widget__width-inherit elementor-widget elementor-widget-heading\" data-id=\"bbde97d\" data-element_type=\"widget\" data-e-type=\"widget\" data-widget_type=\"heading.default\">\n\t\t\t\t<div class=\"elementor-widget-container\">\n\t\t\t\t\t<h2 class=\"elementor-heading-title elementor-size-default\">Autres destinations<\/h2>\t\t\t\t<\/div>\n\t\t\t\t<\/div>\n\t\t\t\t<\/div>\n\t\t\t\t\t<\/div>\n\t\t\t\t<\/div>\n\t\t<div data-particle_enable=\"false\" data-particle-mobile-disabled=\"false\" class=\"elementor-element elementor-element-3fc4e5f8 e-flex e-con-boxed e-con e-parent\" data-id=\"3fc4e5f8\" data-element_type=\"container\" data-e-type=\"container\">\n\t\t\t\t\t<div class=\"e-con-inner\">\n\t\t<a class=\"eael-wrapper-link-76b679ea --eael-wrapper-link-tag\" href=\"https:\/\/www.nature-connexion.com\/african-safari-destinations\/south-africa\/\"><\/a><div data-eael-wrapper-link=\"eael-wrapper-link-76b679ea\" data-particle_enable=\"false\" data-particle-mobile-disabled=\"false\" class=\"elementor-element elementor-element-76b679ea e-con-full e-flex elementor-invisible e-con e-child\" data-id=\"76b679ea\" data-element_type=\"container\" data-e-type=\"container\" data-settings=\"{&quot;background_background&quot;:&quot;classic&quot;,&quot;animation&quot;:&quot;slideInLeft&quot;}\">\n\t\t\t\t<div class=\"elementor-element elementor-element-4cc79ddd elementor-align-justify elementor-widget__width-inherit elementor-widget-mobile__width-inherit elementor-widget elementor-widget-button\" data-id=\"4cc79ddd\" data-element_type=\"widget\" data-e-type=\"widget\" data-widget_type=\"button.default\">\n\t\t\t\t<div class=\"elementor-widget-container\">\n\t\t\t\t\t\t\t\t\t<div class=\"elementor-button-wrapper\">\n\t\t\t\t\t<a class=\"elementor-button elementor-button-link elementor-size-sm\" href=\"https:\/\/www.nature-connexion.com\/african-safari-destinations\/south-africa\/\">\n\t\t\t\t\t\t<span class=\"elementor-button-content-wrapper\">\n\t\t\t\t\t\t<span class=\"elementor-button-icon\">\n\t\t\t\t<svg aria-hidden=\"true\" class=\"e-font-icon-svg e-fas-chevron-right\" viewBox=\"0 0 320 512\" xmlns=\"http:\/\/www.w3.org\/2000\/svg\"><path d=\"M285.476 272.971L91.132 467.314c-9.373 9.373-24.569 9.373-33.941 0l-22.667-22.667c-9.357-9.357-9.375-24.522-.04-33.901L188.505 256 34.484 101.255c-9.335-9.379-9.317-24.544.04-33.901l22.667-22.667c9.373-9.373 24.569-9.373 33.941 0L285.475 239.03c9.373 9.372 9.373 24.568.001 33.941z\"><\/path><\/svg>\t\t\t<\/span>\n\t\t\t\t\t\t\t\t\t<span class=\"elementor-button-text\">Afrique du Sud<\/span>\n\t\t\t\t\t<\/span>\n\t\t\t\t\t<\/a>\n\t\t\t\t<\/div>\n\t\t\t\t\t\t\t\t<\/div>\n\t\t\t\t<\/div>\n\t\t\t\t<\/div>\n\t\t<a class=\"eael-wrapper-link-719d7d50 --eael-wrapper-link-tag\" href=\"https:\/\/www.nature-connexion.com\/african-safari-destinations\/zimbabwe\/\"><\/a><div data-eael-wrapper-link=\"eael-wrapper-link-719d7d50\" data-particle_enable=\"false\" data-particle-mobile-disabled=\"false\" class=\"elementor-element elementor-element-719d7d50 e-con-full e-flex elementor-invisible e-con e-child\" data-id=\"719d7d50\" data-element_type=\"container\" data-e-type=\"container\" data-settings=\"{&quot;background_background&quot;:&quot;classic&quot;,&quot;animation&quot;:&quot;slideInUp&quot;}\">\n\t\t\t\t<div class=\"elementor-element elementor-element-42d34e4b elementor-align-justify elementor-widget__width-inherit elementor-widget-mobile__width-inherit elementor-widget elementor-widget-button\" data-id=\"42d34e4b\" data-element_type=\"widget\" data-e-type=\"widget\" data-widget_type=\"button.default\">\n\t\t\t\t<div class=\"elementor-widget-container\">\n\t\t\t\t\t\t\t\t\t<div class=\"elementor-button-wrapper\">\n\t\t\t\t\t<a class=\"elementor-button elementor-button-link elementor-size-sm\" href=\"https:\/\/www.nature-connexion.com\/african-safari-destinations\/zimbabwe\/\">\n\t\t\t\t\t\t<span class=\"elementor-button-content-wrapper\">\n\t\t\t\t\t\t<span class=\"elementor-button-icon\">\n\t\t\t\t<svg aria-hidden=\"true\" class=\"e-font-icon-svg e-fas-chevron-right\" viewBox=\"0 0 320 512\" xmlns=\"http:\/\/www.w3.org\/2000\/svg\"><path d=\"M285.476 272.971L91.132 467.314c-9.373 9.373-24.569 9.373-33.941 0l-22.667-22.667c-9.357-9.357-9.375-24.522-.04-33.901L188.505 256 34.484 101.255c-9.335-9.379-9.317-24.544.04-33.901l22.667-22.667c9.373-9.373 24.569-9.373 33.941 0L285.475 239.03c9.373 9.372 9.373 24.568.001 33.941z\"><\/path><\/svg>\t\t\t<\/span>\n\t\t\t\t\t\t\t\t\t<span class=\"elementor-button-text\">Zimbabwe<\/span>\n\t\t\t\t\t<\/span>\n\t\t\t\t\t<\/a>\n\t\t\t\t<\/div>\n\t\t\t\t\t\t\t\t<\/div>\n\t\t\t\t<\/div>\n\t\t\t\t<\/div>\n\t\t<a class=\"eael-wrapper-link-5bae7672 --eael-wrapper-link-tag\" href=\"https:\/\/www.nature-connexion.com\/african-safari-destinations\/mozambique-safari-beach-and-bush\/\"><\/a><div data-eael-wrapper-link=\"eael-wrapper-link-5bae7672\" data-particle_enable=\"false\" data-particle-mobile-disabled=\"false\" class=\"elementor-element elementor-element-5bae7672 e-con-full e-flex elementor-invisible e-con e-child\" data-id=\"5bae7672\" data-element_type=\"container\" data-e-type=\"container\" data-settings=\"{&quot;background_background&quot;:&quot;classic&quot;,&quot;animation&quot;:&quot;slideInDown&quot;}\">\n\t\t\t\t<div class=\"elementor-element elementor-element-4b2528c0 elementor-align-justify elementor-widget__width-inherit elementor-widget-mobile__width-inherit elementor-widget elementor-widget-button\" data-id=\"4b2528c0\" data-element_type=\"widget\" data-e-type=\"widget\" data-widget_type=\"button.default\">\n\t\t\t\t<div class=\"elementor-widget-container\">\n\t\t\t\t\t\t\t\t\t<div class=\"elementor-button-wrapper\">\n\t\t\t\t\t<a class=\"elementor-button elementor-button-link elementor-size-sm\" href=\"https:\/\/www.nature-connexion.com\/african-safari-destinations\/mozambique-safari-beach-and-bush\/\">\n\t\t\t\t\t\t<span class=\"elementor-button-content-wrapper\">\n\t\t\t\t\t\t<span class=\"elementor-button-icon\">\n\t\t\t\t<svg aria-hidden=\"true\" class=\"e-font-icon-svg e-fas-chevron-right\" viewBox=\"0 0 320 512\" xmlns=\"http:\/\/www.w3.org\/2000\/svg\"><path d=\"M285.476 272.971L91.132 467.314c-9.373 9.373-24.569 9.373-33.941 0l-22.667-22.667c-9.357-9.357-9.375-24.522-.04-33.901L188.505 256 34.484 101.255c-9.335-9.379-9.317-24.544.04-33.901l22.667-22.667c9.373-9.373 24.569-9.373 33.941 0L285.475 239.03c9.373 9.372 9.373 24.568.001 33.941z\"><\/path><\/svg>\t\t\t<\/span>\n\t\t\t\t\t\t\t\t\t<span class=\"elementor-button-text\">Mozambique<\/span>\n\t\t\t\t\t<\/span>\n\t\t\t\t\t<\/a>\n\t\t\t\t<\/div>\n\t\t\t\t\t\t\t\t<\/div>\n\t\t\t\t<\/div>\n\t\t\t\t<\/div>\n\t\t\t\t\t<\/div>\n\t\t\t\t<\/div>\n\t\t\t\t<\/div>\n\t\t","protected":false},"excerpt":{"rendered":"<p>Botswana Le Botswana, l&rsquo;une des destinations les plus pris\u00e9es d&rsquo;Afrique, est souvent qualifi\u00e9 de \u00ab\u00a0bijou\u00a0\u00bb: ce pays est d\u00e9tenteur d&rsquo;une des plus nombreuses vari\u00e9t\u00e9s de faune sauvage et de paysages de la r\u00e9gion, d&rsquo;o\u00f9 sa grande biodiversit\u00e9. Le majestueux delta de l&rsquo;Okavango, plus grand delta int\u00e9rieur au monde, situ\u00e9 au Nord-Ouest du pays, est un [&hellip;]<\/p>\n","protected":false},"author":1,"featured_media":0,"parent":18645,"menu_order":13,"comment_status":"closed","ping_status":"closed","template":"elementor_header_footer","meta":{"footnotes":""},"class_list":["post-5713","page","type-page","status-publish","hentry"],"_links":{"self":[{"href":"https:\/\/www.nature-connexion.com\/fr\/wp-json\/wp\/v2\/pages\/5713","targetHints":{"allow":["GET"]}}],"collection":[{"href":"https:\/\/www.nature-connexion.com\/fr\/wp-json\/wp\/v2\/pages"}],"about":[{"href":"https:\/\/www.nature-connexion.com\/fr\/wp-json\/wp\/v2\/types\/page"}],"author":[{"embeddable":true,"href":"https:\/\/www.nature-connexion.com\/fr\/wp-json\/wp\/v2\/users\/1"}],"replies":[{"embeddable":true,"href":"https:\/\/www.nature-connexion.com\/fr\/wp-json\/wp\/v2\/comments?post=5713"}],"version-history":[{"count":0,"href":"https:\/\/www.nature-connexion.com\/fr\/wp-json\/wp\/v2\/pages\/5713\/revisions"}],"up":[{"embeddable":true,"href":"https:\/\/www.nature-connexion.com\/fr\/wp-json\/wp\/v2\/pages\/18645"}],"wp:attachment":[{"href":"https:\/\/www.nature-connexion.com\/fr\/wp-json\/wp\/v2\/media?parent=5713"}],"curies":[{"name":"wp","href":"https:\/\/api.w.org\/{rel}","templated":true}]}}