{"id":18610,"date":"2024-07-17T19:04:37","date_gmt":"2024-07-17T17:04:37","guid":{"rendered":"https:\/\/www.nature-connexion.com\/?page_id=18610"},"modified":"2024-08-18T18:27:31","modified_gmt":"2024-08-18T16:27:31","slug":"tourisme-transformatif","status":"publish","type":"page","link":"https:\/\/www.nature-connexion.com\/fr\/nos-engagements\/tourisme-transformatif\/","title":{"rendered":"Tourisme Transformatif"},"content":{"rendered":"\t\t<div data-elementor-type=\"wp-page\" data-elementor-id=\"18610\" class=\"elementor elementor-18610 elementor-16893\" data-elementor-post-type=\"page\">\n\t\t\t\t<div data-particle_enable=\"false\" data-particle-mobile-disabled=\"false\" class=\"elementor-element elementor-element-418c5c05 e-flex e-con-boxed e-con e-parent\" data-id=\"418c5c05\" data-element_type=\"container\" data-e-type=\"container\" data-settings=\"{&quot;background_background&quot;:&quot;classic&quot;}\">\n\t\t\t\t\t<div class=\"e-con-inner\">\n\t\t<div data-particle_enable=\"false\" data-particle-mobile-disabled=\"false\" class=\"elementor-element elementor-element-942527 e-con-full e-flex e-con e-child\" data-id=\"942527\" data-element_type=\"container\" data-e-type=\"container\">\n\t\t\t\t<div class=\"elementor-element elementor-element-80c9f73 elementor-widget elementor-widget-heading\" data-id=\"80c9f73\" data-element_type=\"widget\" data-e-type=\"widget\" data-widget_type=\"heading.default\">\n\t\t\t\t<div class=\"elementor-widget-container\">\n\t\t\t\t\t<h1 class=\"elementor-heading-title elementor-size-xxl\">Tourisme Transformatif<\/h1>\t\t\t\t<\/div>\n\t\t\t\t<\/div>\n\t\t\t\t<div class=\"elementor-element elementor-element-8f9abe0 elementor-view-default elementor-widget elementor-widget-icon\" data-id=\"8f9abe0\" data-element_type=\"widget\" data-e-type=\"widget\" data-widget_type=\"icon.default\">\n\t\t\t\t<div class=\"elementor-widget-container\">\n\t\t\t\t\t\t\t<div class=\"elementor-icon-wrapper\">\n\t\t\t<div class=\"elementor-icon\">\n\t\t\t<svg aria-hidden=\"true\" class=\"e-font-icon-svg e-fas-chevron-down\" viewBox=\"0 0 448 512\" xmlns=\"http:\/\/www.w3.org\/2000\/svg\"><path d=\"M207.029 381.476L12.686 187.132c-9.373-9.373-9.373-24.569 0-33.941l22.667-22.667c9.357-9.357 24.522-9.375 33.901-.04L224 284.505l154.745-154.021c9.379-9.335 24.544-9.317 33.901.04l22.667 22.667c9.373 9.373 9.373 24.569 0 33.941L240.971 381.476c-9.373 9.372-24.569 9.372-33.942 0z\"><\/path><\/svg>\t\t\t<\/div>\n\t\t<\/div>\n\t\t\t\t\t\t<\/div>\n\t\t\t\t<\/div>\n\t\t\t\t<\/div>\n\t\t\t\t\t<\/div>\n\t\t\t\t<\/div>\n\t\t<div data-particle_enable=\"false\" data-particle-mobile-disabled=\"false\" class=\"elementor-element elementor-element-396d799f e-flex e-con-boxed e-con e-parent\" data-id=\"396d799f\" data-element_type=\"container\" data-e-type=\"container\" data-settings=\"{&quot;background_background&quot;:&quot;classic&quot;}\">\n\t\t\t\t\t<div class=\"e-con-inner\">\n\t\t\t\t<div class=\"elementor-element elementor-element-1489938 elementor-widget elementor-widget-text-editor\" data-id=\"1489938\" data-element_type=\"widget\" data-e-type=\"widget\" data-widget_type=\"text-editor.default\">\n\t\t\t\t<div class=\"elementor-widget-container\">\n\t\t\t\t\t\t\t\t\t<p>En tant qu&rsquo;Ally et <a href=\"https:\/\/www.transformational.travel\/\" target=\"_blank\" rel=\"noopener\">Transformer du Transformational Travel Council<\/a>, nous encouragons nos participants \u00e0 voyager avec un regard bienveillant et le coeur ouvert.<\/p>\t\t\t\t\t\t\t\t<\/div>\n\t\t\t\t<\/div>\n\t\t<div data-particle_enable=\"false\" data-particle-mobile-disabled=\"false\" class=\"elementor-element elementor-element-41f54091 e-con-full e-flex e-con e-child\" data-id=\"41f54091\" data-element_type=\"container\" data-e-type=\"container\">\n\t\t\t\t<div class=\"elementor-element elementor-element-399de21 elementor-position-left elementor-vertical-align-middle elementor-widget elementor-widget-image-box\" data-id=\"399de21\" data-element_type=\"widget\" data-e-type=\"widget\" data-widget_type=\"image-box.default\">\n\t\t\t\t<div class=\"elementor-widget-container\">\n\t\t\t\t\t<div class=\"elementor-image-box-wrapper\"><figure class=\"elementor-image-box-img\"><img fetchpriority=\"high\" decoding=\"async\" width=\"400\" height=\"400\" src=\"https:\/\/www.nature-connexion.com\/wp-content\/uploads\/2024\/03\/2.png\" class=\"attachment-full size-full wp-image-18021\" alt=\"\" srcset=\"https:\/\/www.nature-connexion.com\/wp-content\/uploads\/2024\/03\/2.png 400w, https:\/\/www.nature-connexion.com\/wp-content\/uploads\/2024\/03\/2-300x300.png 300w, https:\/\/www.nature-connexion.com\/wp-content\/uploads\/2024\/03\/2-150x150.png 150w\" sizes=\"(max-width: 400px) 100vw, 400px\" \/><\/figure><div class=\"elementor-image-box-content\"><h3 class=\"elementor-image-box-title\">Humilit\u00e9 - observez sans juger<\/h3><p class=\"elementor-image-box-description\">Soyez curieux, \u00e0 l'\u00e9coute et acceptez l'id\u00e9e de nouveaux modes d'apprentissages. N'h\u00e9sitez pas \u00e0 vous ouvrir aux autres participants et aux populations autochtones. Veillez \u00e0 respecter les cultures, les coutumes locales et les rituels religieux qui diff\u00e8rent des v\u00f4tres. Demandez la permission avant de prendre des photos et cr\u00e9ez l'opportunit\u00e9 d'un \u00e9change en partageant vos photos avec les habitants.<\/p><\/div><\/div>\t\t\t\t<\/div>\n\t\t\t\t<\/div>\n\t\t\t\t<div class=\"elementor-element elementor-element-f628767 elementor-position-right elementor-vertical-align-middle elementor-widget elementor-widget-image-box\" data-id=\"f628767\" data-element_type=\"widget\" data-e-type=\"widget\" data-widget_type=\"image-box.default\">\n\t\t\t\t<div class=\"elementor-widget-container\">\n\t\t\t\t\t<div class=\"elementor-image-box-wrapper\"><figure class=\"elementor-image-box-img\"><img decoding=\"async\" width=\"1920\" height=\"2560\" src=\"https:\/\/www.nature-connexion.com\/wp-content\/uploads\/2024\/07\/Nature-Connexion-Natacha-Wauquiez-yoga-transformative-retreat-africa-communities-locals-scaled.jpeg\" class=\"attachment-full size-full wp-image-18218\" alt=\"\" srcset=\"https:\/\/www.nature-connexion.com\/wp-content\/uploads\/2024\/07\/Nature-Connexion-Natacha-Wauquiez-yoga-transformative-retreat-africa-communities-locals-scaled.jpeg 1920w, https:\/\/www.nature-connexion.com\/wp-content\/uploads\/2024\/07\/Nature-Connexion-Natacha-Wauquiez-yoga-transformative-retreat-africa-communities-locals-225x300.jpeg 225w, https:\/\/www.nature-connexion.com\/wp-content\/uploads\/2024\/07\/Nature-Connexion-Natacha-Wauquiez-yoga-transformative-retreat-africa-communities-locals-768x1024.jpeg 768w, https:\/\/www.nature-connexion.com\/wp-content\/uploads\/2024\/07\/Nature-Connexion-Natacha-Wauquiez-yoga-transformative-retreat-africa-communities-locals-1152x1536.jpeg 1152w, https:\/\/www.nature-connexion.com\/wp-content\/uploads\/2024\/07\/Nature-Connexion-Natacha-Wauquiez-yoga-transformative-retreat-africa-communities-locals-1536x2048.jpeg 1536w\" sizes=\"(max-width: 1920px) 100vw, 1920px\" \/><\/figure><div class=\"elementor-image-box-content\"><h3 class=\"elementor-image-box-title\">Engagez-vous - soyez le changement<\/h3><p class=\"elementor-image-box-description\">Avant de vous lancer dans l'aventure, prenez le temps de vous renseigner sur la destination que vous allez visiter. Apprenez tout ce que vous pouvez sur la langue, la religion, la culture, les r\u00e8gles et les valeurs partag\u00e9es par les habitants.\nEn tant que h\u00e9ro de votre voyage, cr\u00e9ez votre exp\u00e9rience de fa\u00e7on proactive, adaptez votre \u00e9tat d'esprit au changement. Soyez sensible aux autres et acceuillez les qualit\u00e9s uniques, les caract\u00e9ristiques et l'ing\u00e9niosit\u00e9 des cultures locales.<\/p><\/div><\/div>\t\t\t\t<\/div>\n\t\t\t\t<\/div>\n\t\t\t\t<div class=\"elementor-element elementor-element-4dcea33 elementor-position-left elementor-vertical-align-middle elementor-widget elementor-widget-image-box\" data-id=\"4dcea33\" data-element_type=\"widget\" data-e-type=\"widget\" data-widget_type=\"image-box.default\">\n\t\t\t\t<div class=\"elementor-widget-container\">\n\t\t\t\t\t<div class=\"elementor-image-box-wrapper\"><figure class=\"elementor-image-box-img\"><img decoding=\"async\" width=\"400\" height=\"400\" src=\"https:\/\/www.nature-connexion.com\/wp-content\/uploads\/2024\/03\/7.png\" class=\"attachment-full size-full wp-image-18026\" alt=\"\" srcset=\"https:\/\/www.nature-connexion.com\/wp-content\/uploads\/2024\/03\/7.png 400w, https:\/\/www.nature-connexion.com\/wp-content\/uploads\/2024\/03\/7-300x300.png 300w, https:\/\/www.nature-connexion.com\/wp-content\/uploads\/2024\/03\/7-150x150.png 150w\" sizes=\"(max-width: 400px) 100vw, 400px\" \/><\/figure><div class=\"elementor-image-box-content\"><h3 class=\"elementor-image-box-title\">Soyez \u00e9veill\u00e9 - pr\u00eatez attention <\/h3><p class=\"elementor-image-box-description\">Pendant votre voyage, ayez conscience de la complexit\u00e9 des circonstances dans lesquelles vous vous trouvez. Vos choix ont un impact sur ceux qui vous entourent. Osez questionner et vous renseigner sur ce que seraient des r\u00e9actions, un comportement et un langage corporel appropri\u00e9s vis-a-vis des populations locales, par exemple.<\/p><\/div><\/div>\t\t\t\t<\/div>\n\t\t\t\t<\/div>\n\t\t\t\t<div class=\"elementor-element elementor-element-cc1a15c elementor-position-right elementor-vertical-align-middle elementor-widget elementor-widget-image-box\" data-id=\"cc1a15c\" data-element_type=\"widget\" data-e-type=\"widget\" data-widget_type=\"image-box.default\">\n\t\t\t\t<div class=\"elementor-widget-container\">\n\t\t\t\t\t<div class=\"elementor-image-box-wrapper\"><figure class=\"elementor-image-box-img\"><img loading=\"lazy\" decoding=\"async\" width=\"2560\" height=\"1707\" src=\"https:\/\/www.nature-connexion.com\/wp-content\/uploads\/2024\/07\/Nature-Connexion-Natacha-Wauquiez-yoga-transformative-retreat-africa-connected-guest-experience-scaled.jpg\" class=\"attachment-full size-full wp-image-18221\" alt=\"\" srcset=\"https:\/\/www.nature-connexion.com\/wp-content\/uploads\/2024\/07\/Nature-Connexion-Natacha-Wauquiez-yoga-transformative-retreat-africa-connected-guest-experience-scaled.jpg 2560w, https:\/\/www.nature-connexion.com\/wp-content\/uploads\/2024\/07\/Nature-Connexion-Natacha-Wauquiez-yoga-transformative-retreat-africa-connected-guest-experience-300x200.jpg 300w, https:\/\/www.nature-connexion.com\/wp-content\/uploads\/2024\/07\/Nature-Connexion-Natacha-Wauquiez-yoga-transformative-retreat-africa-connected-guest-experience-1024x683.jpg 1024w, https:\/\/www.nature-connexion.com\/wp-content\/uploads\/2024\/07\/Nature-Connexion-Natacha-Wauquiez-yoga-transformative-retreat-africa-connected-guest-experience-768x512.jpg 768w, https:\/\/www.nature-connexion.com\/wp-content\/uploads\/2024\/07\/Nature-Connexion-Natacha-Wauquiez-yoga-transformative-retreat-africa-connected-guest-experience-1536x1024.jpg 1536w, https:\/\/www.nature-connexion.com\/wp-content\/uploads\/2024\/07\/Nature-Connexion-Natacha-Wauquiez-yoga-transformative-retreat-africa-connected-guest-experience-2048x1365.jpg 2048w\" sizes=\"(max-width: 2560px) 100vw, 2560px\" \/><\/figure><div class=\"elementor-image-box-content\"><h3 class=\"elementor-image-box-title\">Soyez r\u00e9silient - sortez de votre zone de confort &amp; embrassez l'inconnu !<\/h3><p class=\"elementor-image-box-description\">\u00c0 mesure que vous d\u00e9couvrez les diff\u00e9rences entre votre monde et celui que vous visitez, appr\u00e9ciez de voir vos propres croyances remises en question : observez, r\u00e9fl\u00e9chissez et changez votre perspective. Vous rencontrerez de nombreuses occasions d'apprendre et de grandir en choisissant de les saisir.<\/p><\/div><\/div>\t\t\t\t<\/div>\n\t\t\t\t<\/div>\n\t\t\t\t<div class=\"elementor-element elementor-element-af9b6dc elementor-position-left elementor-vertical-align-middle elementor-widget elementor-widget-image-box\" data-id=\"af9b6dc\" data-element_type=\"widget\" data-e-type=\"widget\" data-widget_type=\"image-box.default\">\n\t\t\t\t<div class=\"elementor-widget-container\">\n\t\t\t\t\t<div class=\"elementor-image-box-wrapper\"><figure class=\"elementor-image-box-img\"><img loading=\"lazy\" decoding=\"async\" width=\"400\" height=\"400\" src=\"https:\/\/www.nature-connexion.com\/wp-content\/uploads\/2024\/04\/NC-Commitment-1.png\" class=\"attachment-full size-full wp-image-18036\" alt=\"\" srcset=\"https:\/\/www.nature-connexion.com\/wp-content\/uploads\/2024\/04\/NC-Commitment-1.png 400w, https:\/\/www.nature-connexion.com\/wp-content\/uploads\/2024\/04\/NC-Commitment-1-300x300.png 300w, https:\/\/www.nature-connexion.com\/wp-content\/uploads\/2024\/04\/NC-Commitment-1-150x150.png 150w\" sizes=\"(max-width: 400px) 100vw, 400px\" \/><\/figure><div class=\"elementor-image-box-content\"><h3 class=\"elementor-image-box-title\">Soyez reconnaissant - tout est question de gratitude <\/h3><p class=\"elementor-image-box-description\">Communiquez avec les autres avec empathie. Soyez pr\u00e9venant et attentif aux habitants et aux personnes avec lesquelles vous voyagez. Essayez de mettre un sourire sur le visage des gens que vous rencontrez.\nUne fois de retour chez vous, r\u00e9fl\u00e9chissez \u00e0 la fa\u00e7on dont vous pouvez soutenir les projets de Conservation ou communautaires qui s'efforcent de prot\u00e9ger le bien-\u00eatre, la culture et l'environnement de la destination que vous venez de visiter. Nature Connexion peut vous accompagner dans vos d\u00e9marches.<\/p><\/div><\/div>\t\t\t\t<\/div>\n\t\t\t\t<\/div>\n\t\t\t\t<\/div>\n\t\t\t\t\t<\/div>\n\t\t\t\t<\/div>\n\t\t<div data-particle_enable=\"false\" data-particle-mobile-disabled=\"false\" class=\"elementor-element elementor-element-149df14 e-flex e-con-boxed e-con e-parent\" data-id=\"149df14\" data-element_type=\"container\" data-e-type=\"container\">\n\t\t\t\t\t<div class=\"e-con-inner\">\n\t\t<div data-particle_enable=\"false\" data-particle-mobile-disabled=\"false\" class=\"elementor-element elementor-element-44dd3fb3 e-con-full e-flex elementor-invisible e-con e-child\" data-id=\"44dd3fb3\" data-element_type=\"container\" data-e-type=\"container\" data-settings=\"{&quot;background_background&quot;:&quot;classic&quot;,&quot;animation&quot;:&quot;slideInUp&quot;}\">\n\t\t\t\t<div class=\"elementor-element elementor-element-72b7f96 elementor-align-center elementor-widget__width-inherit elementor-widget-mobile__width-inherit elementor-widget elementor-widget-button\" data-id=\"72b7f96\" data-element_type=\"widget\" data-e-type=\"widget\" data-widget_type=\"button.default\">\n\t\t\t\t<div class=\"elementor-widget-container\">\n\t\t\t\t\t\t\t\t\t<div class=\"elementor-button-wrapper\">\n\t\t\t\t\t<a class=\"elementor-button elementor-button-link elementor-size-sm\" href=\"https:\/\/www.nature-connexion.com\/commitments-sustainable-travel\/carbon-foot-print\/\">\n\t\t\t\t\t\t<span class=\"elementor-button-content-wrapper\">\n\t\t\t\t\t\t<span class=\"elementor-button-icon\">\n\t\t\t\t<svg aria-hidden=\"true\" class=\"e-font-icon-svg e-fas-chevron-right\" viewBox=\"0 0 320 512\" xmlns=\"http:\/\/www.w3.org\/2000\/svg\"><path d=\"M285.476 272.971L91.132 467.314c-9.373 9.373-24.569 9.373-33.941 0l-22.667-22.667c-9.357-9.357-9.375-24.522-.04-33.901L188.505 256 34.484 101.255c-9.335-9.379-9.317-24.544.04-33.901l22.667-22.667c9.373-9.373 24.569-9.373 33.941 0L285.475 239.03c9.373 9.372 9.373 24.568.001 33.941z\"><\/path><\/svg>\t\t\t<\/span>\n\t\t\t\t\t\t\t\t\t<span class=\"elementor-button-text\">Compensation Carbone<\/span>\n\t\t\t\t\t<\/span>\n\t\t\t\t\t<\/a>\n\t\t\t\t<\/div>\n\t\t\t\t\t\t\t\t<\/div>\n\t\t\t\t<\/div>\n\t\t\t\t<\/div>\n\t\t<div data-particle_enable=\"false\" data-particle-mobile-disabled=\"false\" class=\"elementor-element elementor-element-6a29533f e-con-full e-flex elementor-invisible e-con e-child\" data-id=\"6a29533f\" data-element_type=\"container\" data-e-type=\"container\" data-settings=\"{&quot;background_background&quot;:&quot;classic&quot;,&quot;animation&quot;:&quot;slideInDown&quot;}\">\n\t\t\t\t<div class=\"elementor-element elementor-element-27e0d2f elementor-align-center elementor-widget__width-inherit elementor-widget-mobile__width-inherit elementor-widget elementor-widget-button\" data-id=\"27e0d2f\" data-element_type=\"widget\" data-e-type=\"widget\" data-widget_type=\"button.default\">\n\t\t\t\t<div class=\"elementor-widget-container\">\n\t\t\t\t\t\t\t\t\t<div class=\"elementor-button-wrapper\">\n\t\t\t\t\t<a class=\"elementor-button elementor-button-link elementor-size-sm\" href=\"https:\/\/www.nature-connexion.com\/commitments-sustainable-travel\/regenerative-travel\/\">\n\t\t\t\t\t\t<span class=\"elementor-button-content-wrapper\">\n\t\t\t\t\t\t<span class=\"elementor-button-icon\">\n\t\t\t\t<svg aria-hidden=\"true\" class=\"e-font-icon-svg e-fas-chevron-right\" viewBox=\"0 0 320 512\" xmlns=\"http:\/\/www.w3.org\/2000\/svg\"><path d=\"M285.476 272.971L91.132 467.314c-9.373 9.373-24.569 9.373-33.941 0l-22.667-22.667c-9.357-9.357-9.375-24.522-.04-33.901L188.505 256 34.484 101.255c-9.335-9.379-9.317-24.544.04-33.901l22.667-22.667c9.373-9.373 24.569-9.373 33.941 0L285.475 239.03c9.373 9.372 9.373 24.568.001 33.941z\"><\/path><\/svg>\t\t\t<\/span>\n\t\t\t\t\t\t\t\t\t<span class=\"elementor-button-text\">Tourisme R\u00e9g\u00e9n\u00e9ratif<\/span>\n\t\t\t\t\t<\/span>\n\t\t\t\t\t<\/a>\n\t\t\t\t<\/div>\n\t\t\t\t\t\t\t\t<\/div>\n\t\t\t\t<\/div>\n\t\t\t\t<\/div>\n\t\t\t\t\t<\/div>\n\t\t\t\t<\/div>\n\t\t\t\t<\/div>\n\t\t","protected":false},"excerpt":{"rendered":"<p>Tourisme Transformatif En tant qu&rsquo;Ally et Transformer du Transformational Travel Council, nous encouragons nos participants \u00e0 voyager avec un regard bienveillant et le coeur ouvert. Humilit\u00e9 &#8211; observez sans juger Soyez curieux, \u00e0 l&rsquo;\u00e9coute et acceptez l&rsquo;id\u00e9e de nouveaux modes d&rsquo;apprentissages. N&rsquo;h\u00e9sitez pas \u00e0 vous ouvrir aux autres participants et aux populations autochtones. Veillez \u00e0 [&hellip;]<\/p>\n","protected":false},"author":1,"featured_media":0,"parent":8959,"menu_order":8,"comment_status":"closed","ping_status":"closed","template":"elementor_header_footer","meta":{"footnotes":""},"class_list":["post-18610","page","type-page","status-publish","hentry"],"_links":{"self":[{"href":"https:\/\/www.nature-connexion.com\/fr\/wp-json\/wp\/v2\/pages\/18610","targetHints":{"allow":["GET"]}}],"collection":[{"href":"https:\/\/www.nature-connexion.com\/fr\/wp-json\/wp\/v2\/pages"}],"about":[{"href":"https:\/\/www.nature-connexion.com\/fr\/wp-json\/wp\/v2\/types\/page"}],"author":[{"embeddable":true,"href":"https:\/\/www.nature-connexion.com\/fr\/wp-json\/wp\/v2\/users\/1"}],"replies":[{"embeddable":true,"href":"https:\/\/www.nature-connexion.com\/fr\/wp-json\/wp\/v2\/comments?post=18610"}],"version-history":[{"count":0,"href":"https:\/\/www.nature-connexion.com\/fr\/wp-json\/wp\/v2\/pages\/18610\/revisions"}],"up":[{"embeddable":true,"href":"https:\/\/www.nature-connexion.com\/fr\/wp-json\/wp\/v2\/pages\/8959"}],"wp:attachment":[{"href":"https:\/\/www.nature-connexion.com\/fr\/wp-json\/wp\/v2\/media?parent=18610"}],"curies":[{"name":"wp","href":"https:\/\/api.w.org\/{rel}","templated":true}]}}